{"id":2,"date":"2016-05-10T03:48:21","date_gmt":"2016-05-10T03:48:21","guid":{"rendered":"http:\/\/wp452m.a10-52-158-154.qa.plesk.ru\/wordpress\/?page_id=2"},"modified":"2017-05-05T11:58:12","modified_gmt":"2017-05-05T11:58:12","slug":"start","status":"publish","type":"page","link":"https:\/\/basement-tattooshop.de\/tattoo-muenster\/","title":{"rendered":"START"},"content":{"rendered":"<h1>BASEMENT TATTOOSHOP M\u00fcnster<\/h1>\n<h2>Du hast dich entschlossen dir ein Tattoo stechen zu lassen oder bist noch am \u00fcberlegen?<\/h2>\n<p style=\"text-align: left;\">Wichtig ist uns hierbei, dass du dir bei deiner Entscheidung und auch dem Motiv 100 %ig sicher bist. Denn ein Tattoo sollte dich ein Leben lang begleiten und zufrieden stellen. Bei der Ausf\u00fchrung unserer T\u00e4towierungen legen wir insbesondere Wert auf gr\u00f6\u00dftm\u00f6gliche Hygiene und saubere Arbeit!<\/p>\n<figure id=\"attachment_411\" aria-describedby=\"caption-attachment-411\" style=\"width: 225px\" class=\"wp-caption alignleft\"><a href=\"http:\/\/basement-tattooshop.de\/basement_tattooshop-32\/\"><img loading=\"lazy\" decoding=\"async\" class=\"wp-image-411 size-medium\" src=\"http:\/\/basement-tattooshop.de\/wp-content\/uploads\/2017\/02\/basement_tattooshop-32-225x300.jpg\" alt=\"Basement Tattooshop Arbeitsmaterial\" width=\"225\" height=\"300\" srcset=\"https:\/\/basement-tattooshop.de\/wp-content\/uploads\/2017\/02\/basement_tattooshop-32-225x300.jpg 225w, https:\/\/basement-tattooshop.de\/wp-content\/uploads\/2017\/02\/basement_tattooshop-32.jpg 600w\" sizes=\"(max-width: 225px) 100vw, 225px\" \/><\/a><figcaption id=\"caption-attachment-411\" class=\"wp-caption-text\">Das Arbeitsmaterial von Nico<\/figcaption><\/figure>\n<p style=\"text-align: left;\">Eine, der am h\u00e4ufigsten gestellten Fragen, ist die nach dem Preis. Hierbei ist es nahezu unm\u00f6glich eine allgemeine Aussage zu treffen. Je nach K\u00f6rperstelle, Gr\u00f6\u00dfe und Details kann der Preis extrem variieren.<br \/>\nUnd da ein Tattoo immer, was Gr\u00f6\u00dfe und Form angeht, perfekt auf deinen K\u00f6rper abgestimmt sein sollte, k\u00f6nnen exakte Aussagen unsererseits immer nur in einem pers\u00f6nlichen Gespr\u00e4ch getroffen werden.<br \/>\nDein Entschluss dir ein Tattoo stechen zu lassen steht fest, du bist vollj\u00e4hrig und hast auch schon eine ungef\u00e4hre Vorstellung, wie das Ganze aussehen soll, aber wie geht es nun weiter?!<strong>&nbsp; <\/strong>Dann schaust du am Besten einfach mal zu den <a href=\"http:\/\/basement-tattooshop.de\/kontakt\/\">\u00d6ffnungszeiten<\/a> bei uns rein oder vereinbarst telefonisch einen Termin f\u00fcr ein Beratungsgespr\u00e4ch.&nbsp;Je nach Aufwand wird nun in den n\u00e4chsten Tagen eine individuell auf dich zugeschnittene Vorlage angefertigt.<\/p>\n<p style=\"text-align: left;\">Wenn dir Diese gef\u00e4llt und alle weiteren Dinge gekl\u00e4rt sind, vereinbaren wir einen Termin zum Stechen.&nbsp;<br \/>\nAlso komm vorbei, schau dich um und lass dich gerne von uns beraten.<\/p>\n<p style=\"text-align: left;\">&nbsp;<\/p>\n<h3>Related Images:<\/h3>","protected":false},"excerpt":{"rendered":"<p>BASEMENT TATTOOSHOP M\u00fcnster Du hast dich entschlossen dir ein Tattoo stechen zu lassen oder bist noch am \u00fcberlegen? Wichtig ist uns hierbei, dass du dir bei deiner Entscheidung und auch &#8230;<\/p>\n","protected":false},"author":1,"featured_media":87,"parent":0,"menu_order":0,"comment_status":"closed","ping_status":"closed","template":"template-frontpage.php","meta":{"ngg_post_thumbnail":0,"footnotes":""},"acf":[],"aioseo_notices":[],"_links":{"self":[{"href":"https:\/\/basement-tattooshop.de\/tattoo-muenster\/wp-json\/wp\/v2\/pages\/2"}],"collection":[{"href":"https:\/\/basement-tattooshop.de\/tattoo-muenster\/wp-json\/wp\/v2\/pages"}],"about":[{"href":"https:\/\/basement-tattooshop.de\/tattoo-muenster\/wp-json\/wp\/v2\/types\/page"}],"author":[{"embeddable":true,"href":"https:\/\/basement-tattooshop.de\/tattoo-muenster\/wp-json\/wp\/v2\/users\/1"}],"replies":[{"embeddable":true,"href":"https:\/\/basement-tattooshop.de\/tattoo-muenster\/wp-json\/wp\/v2\/comments?post=2"}],"version-history":[{"count":26,"href":"https:\/\/basement-tattooshop.de\/tattoo-muenster\/wp-json\/wp\/v2\/pages\/2\/revisions"}],"predecessor-version":[{"id":1301,"href":"https:\/\/basement-tattooshop.de\/tattoo-muenster\/wp-json\/wp\/v2\/pages\/2\/revisions\/1301"}],"wp:featuredmedia":[{"embeddable":true,"href":"https:\/\/basement-tattooshop.de\/tattoo-muenster\/wp-json\/wp\/v2\/media\/87"}],"wp:attachment":[{"href":"https:\/\/basement-tattooshop.de\/tattoo-muenster\/wp-json\/wp\/v2\/media?parent=2"}],"curies":[{"name":"wp","href":"https:\/\/api.w.org\/{rel}","templated":true}]}}