{"id":29,"date":"2017-02-13T19:50:57","date_gmt":"2017-02-13T19:50:57","guid":{"rendered":"http:\/\/basement-tattooshop.de\/?page_id=29"},"modified":"2018-01-28T14:49:51","modified_gmt":"2018-01-28T14:49:51","slug":"kontakt","status":"publish","type":"page","link":"https:\/\/basement-tattooshop.de\/tattoo-muenster\/kontakt\/","title":{"rendered":"Kontakt"},"content":{"rendered":"<p><strong>Basement Tattooshop M\u00fcnster<\/strong><br \/>\n<strong> \u2013 Nico Peters<\/strong><br \/>\n<strong> Weseler Stra\u00dfe 49<\/strong><br \/>\n<strong> 48151 M\u00fcnster<\/strong><br \/>\n<strong> Telefon: 0251 394 852 87<\/strong><\/p>\n<hr>\n<p style=\"text-align: left; padding-left: 30px;\">\u00d6ffnungszeiten:<br \/>\nMontag-Donnerstag 12:00 &#8211; 19:00 Uhr,<br \/>\nFreitag: 12:00 &#8211; 18:00 Uhr,<br \/>\nSamstag &amp; Sonntag: geschlossen<\/p>\n<hr>\n<p>&nbsp;<\/p>\n<p>&nbsp;<\/p>\n<div class=\"su-button-center\"><a href=\"http:\/\/basement-tattooshop.de\/impressum\/\" class=\"su-button su-button-style-3d su-button-wide\" style=\"color:#ffffff;background-color:#000000;border-color:#000000;border-radius:4px;-moz-border-radius:4px;-webkit-border-radius:4px\" target=\"_blank\" rel=\"noopener noreferrer\" title=\"Impressum\"><span style=\"color:#ffffff;padding:5px 14px;font-size:12px;line-height:18px;border-color:#4d4d4d;border-radius:4px;-moz-border-radius:4px;-webkit-border-radius:4px;text-shadow:none;-moz-text-shadow:none;-webkit-text-shadow:none\"><i class=\"sui sui-angle-double-right\" style=\"font-size:12px;color:#FFFFFF\"><\/i> Impressum<\/span><\/a><\/div>\n<h3>Related Images:<\/h3>","protected":false},"excerpt":{"rendered":"<p>Basement Tattooshop M\u00fcnster \u2013 Nico Peters Weseler Stra\u00dfe 49 48151 M\u00fcnster Telefon: 0251 394 852 87 \u00d6ffnungszeiten: Montag-Donnerstag 12:00 &#8211; 19:00 Uhr, Freitag: 12:00 &#8211; 18:00 Uhr, Samstag &amp; Sonntag: &#8230;<\/p>\n","protected":false},"author":1,"featured_media":0,"parent":0,"menu_order":0,"comment_status":"closed","ping_status":"closed","template":"","meta":{"ngg_post_thumbnail":0,"footnotes":""},"acf":[],"aioseo_notices":[],"_links":{"self":[{"href":"https:\/\/basement-tattooshop.de\/tattoo-muenster\/wp-json\/wp\/v2\/pages\/29"}],"collection":[{"href":"https:\/\/basement-tattooshop.de\/tattoo-muenster\/wp-json\/wp\/v2\/pages"}],"about":[{"href":"https:\/\/basement-tattooshop.de\/tattoo-muenster\/wp-json\/wp\/v2\/types\/page"}],"author":[{"embeddable":true,"href":"https:\/\/basement-tattooshop.de\/tattoo-muenster\/wp-json\/wp\/v2\/users\/1"}],"replies":[{"embeddable":true,"href":"https:\/\/basement-tattooshop.de\/tattoo-muenster\/wp-json\/wp\/v2\/comments?post=29"}],"version-history":[{"count":19,"href":"https:\/\/basement-tattooshop.de\/tattoo-muenster\/wp-json\/wp\/v2\/pages\/29\/revisions"}],"predecessor-version":[{"id":1333,"href":"https:\/\/basement-tattooshop.de\/tattoo-muenster\/wp-json\/wp\/v2\/pages\/29\/revisions\/1333"}],"wp:attachment":[{"href":"https:\/\/basement-tattooshop.de\/tattoo-muenster\/wp-json\/wp\/v2\/media?parent=29"}],"curies":[{"name":"wp","href":"https:\/\/api.w.org\/{rel}","templated":true}]}}